{"id":235,"date":"2025-02-19T14:54:27","date_gmt":"2025-02-19T14:54:27","guid":{"rendered":"https:\/\/neur-elite.com\/?page_id=235"},"modified":"2025-04-16T08:04:27","modified_gmt":"2025-04-16T08:04:27","slug":"services","status":"publish","type":"page","link":"https:\/\/neur-elite.com\/fr\/services\/","title":{"rendered":"Services"},"content":{"rendered":"\n\n\t<section class=\"section\" id=\"section_1818819116\">\n\t\t<div class=\"section-bg fill\" >\n\t\t\t<img fetchpriority=\"high\" decoding=\"async\" width=\"1920\" height=\"720\" src=\"https:\/\/neur-elite.com\/wp-content\/uploads\/2025\/02\/Brown-Blue-Denim-Jeans-Fashion-Sale-Website-Banner-2-1.png\" class=\"bg attachment- size-\" alt=\"\" \/>\t\t\t\t\t\t\n\t\t\t\n\n\t\t<\/div>\n\n\t\t\n\n\t\t<div class=\"section-content relative\">\n\t\t\t\n\n<div class=\"row align-middle align-center\"  id=\"row-1682471413\">\n\n\n\t<div id=\"col-92364581\" class=\"col small-12 large-12\"  >\n\t\t\t\t<div class=\"col-inner\"  >\n\t\t\t\n\t\t\t\n\n\t<div id=\"text-539295042\" class=\"text\">\n\t\t\n\n<h1>Services<\/h1>\n\t\t\n<style>\n#text-539295042 {\n  font-size: 2.2rem;\n  line-height: 1.3;\n  text-align: center;\n  color: rgb(255, 255, 255);\n}\n#text-539295042 > * {\n  color: rgb(255, 255, 255);\n}\n<\/style>\n\t<\/div>\n\t\n\n\t\t<\/div>\n\t\t\t\t\n<style>\n#col-92364581 > .col-inner {\n  padding: 0px 0px 0px 0px;\n}\n<\/style>\n\t<\/div>\n\n\t\n\n<\/div>\n\n\t\t<\/div>\n\n\t\t\n<style>\n#section_1818819116 {\n  padding-top: 30px;\n  padding-bottom: 30px;\n  min-height: 300px;\n}\n@media (min-width:550px) {\n  #section_1818819116 {\n    padding-top: 40px;\n    padding-bottom: 40px;\n  }\n}\n<\/style>\n\t<\/section>\n\t\n<div class=\"row align-middle align-center\"  id=\"row-895478880\">\n\n\n\t<div id=\"col-1849282247\" class=\"col small-12 large-12\"  >\n\t\t\t\t<div class=\"col-inner\"  >\n\t\t\t\n\t<div class=\"is-border\"\n\t\tstyle=\"border-width:0px 0px 0px 0px;\">\n\t<\/div>\n\t\t\t\n\n\t<div id=\"text-2786608356\" class=\"text\">\n\t\t\n\n<h1 style=\"text-align: center;\">Conf\u00e9rences et ateliers propos\u00e9s<\/h1>\n\t\t\n<style>\n#text-2786608356 {\n  font-size: 1.75rem;\n}\n<\/style>\n\t<\/div>\n\t\n\n\t\t<\/div>\n\t\t\t\t\t<\/div>\n\n\t\n\n<\/div>\n\n\t<section class=\"section\" id=\"section_432629238\">\n\t\t<div class=\"section-bg fill\" >\n\t\t\t\t\t\t\t\t\t\n\t\t\t\n\n\t\t<\/div>\n\n\t\t\n\n\t\t<div class=\"section-content relative\">\n\t\t\t\n\n  <div id=\"page-header-1193278293\" class=\"page-header-wrapper\">\n  <div class=\"page-title dark featured-title\">\n\n        <div class=\"page-title-bg\">\n      <div class=\"title-bg fill bg-fill\"\n        data-parallax-container=\".page-title\"\n        data-parallax-background\n        data-parallax=\"-\">\n      <\/div>\n      <div class=\"title-overlay fill\"><\/div>\n    <\/div>\n    \n    <div class=\"page-title-inner container align-center flex-row medium-flex-wrap\" >\n              <div class=\"title-wrapper uppercase flex-col text-left medium-text-center\">\n          <h1 class=\"entry-title mb-0\">\n            Cible : Entreprise &amp; industries          <\/h1>\n        <\/div>\n                    <div class=\"title-content flex-col flex-right text-right medium-text-center\">\n        <div class=\"title-breadcrumbs pb-half pt-half\"><\/div>      <\/div>\n    <\/div>\n\n     \n<style>\n#page-header-1193278293 .featured-title {\n  background-color: #426ebb;\n}\n<\/style>\n  <\/div>\n    <\/div>\n  \n\n<div class=\"row row-large align-middle align-center\"  id=\"row-1271608291\">\n\n\n\t<div id=\"col-916663948\" class=\"col medium-10 small-12 large-6\"  >\n\t\t\t\t<div class=\"col-inner\"  >\n\t\t\t\n\t\t\t\n\n\t<div id=\"gap-770687695\" class=\"gap-element clearfix\" style=\"display:block; height:auto;\">\n\t\t\n<style>\n#gap-770687695 {\n  padding-top: 30px;\n}\n<\/style>\n\t<\/div>\n\t\n\n\t<div class=\"img has-hover x md-x lg-x y md-y lg-y\" id=\"image_1225160705\">\n\t\t\t\t\t\t\t\t<div class=\"img-inner dark\" >\n\t\t\t<img decoding=\"async\" width=\"640\" height=\"800\" src=\"https:\/\/neur-elite.com\/wp-content\/uploads\/2025\/02\/Post-template-1080-x-1350-px-42-640x800.png\" class=\"attachment-large size-large\" alt=\"\" srcset=\"https:\/\/neur-elite.com\/wp-content\/uploads\/2025\/02\/Post-template-1080-x-1350-px-42-640x800.png 640w, https:\/\/neur-elite.com\/wp-content\/uploads\/2025\/02\/Post-template-1080-x-1350-px-42-320x400.png 320w, https:\/\/neur-elite.com\/wp-content\/uploads\/2025\/02\/Post-template-1080-x-1350-px-42-768x960.png 768w, https:\/\/neur-elite.com\/wp-content\/uploads\/2025\/02\/Post-template-1080-x-1350-px-42.png 1080w\" sizes=\"(max-width: 640px) 100vw, 640px\" \/>\t\t\t\t\t\t\n\t\t\t\t\t<\/div>\n\t\t\t\t\t\t\t\t\n<style>\n#image_1225160705 {\n  width: 85%;\n}\n<\/style>\n\t<\/div>\n\t\n\n\n\t\t<\/div>\n\t\t\t\t\t<\/div>\n\n\t\n\n\t<div id=\"col-338752428\" class=\"col medium-10 small-12 large-6\"  >\n\t\t\t\t<div class=\"col-inner\"  >\n\t\t\t\n\t\t\t\n\n<h2><span class=\"OYPEnA font-feature-liga-off font-feature-clig-off font-feature-calt-off text-decoration-none text-strikethrough-none\">Pourquoi notre cerveau nous pi\u00e8ge ? <\/span><\/h2>\n<h3><span class=\"OYPEnA font-feature-liga-off font-feature-clig-off font-feature-calt-off text-decoration-none text-strikethrough-none\">Erreurs humaines et s\u00e9curit\u00e9 au travail<\/span><\/h3>\n<div><strong>Cible<\/strong>\u00a0: Op\u00e9rationnelle (Equipes terrain).<\/div>\n<div><strong>Objectif<\/strong> : Sensibiliser aux erreurs humaines en d\u00e9cryptant les m\u00e9canismes c\u00e9r\u00e9braux qui influencent nos gestes, nos d\u00e9cisions et nos automatismes. L\u2019atelier vise \u00e0 renforcer la vigilance, la compr\u00e9hension des comportements \u00e0 risque, et \u00e0 valoriser les pratiques de s\u00e9curit\u00e9 sur le terrain.<\/div>\n<div><strong>Description :<\/strong> Gr\u00e2ce \u00e0 des exemples d\u2019incidents r\u00e9els, des mises en situation concr\u00e8tes et des exercices ludiques, les participants exp\u00e9rimentent les limites du cerveau humain et d\u00e9couvrent pourquoi certaines erreurs surviennent\u2026 sans intention de mal faire.<\/div>\n<div>\u00a0<\/div>\n<div><strong data-start=\"909\" data-end=\"919\">Format<\/strong> : Atelier interactif \u2013 Dur\u00e9e moyenne : 1h00<\/div>\n<div><strong data-start=\"970\" data-end=\"989\">Personnalisable<\/strong> selon le secteur d\u2019activit\u00e9 (industrie, BTP, services&#8230;)<br data-start=\"1047\" data-end=\"1050\" \/><strong data-start=\"1053\" data-end=\"1072\">Th\u00e8me modulable<\/strong> : S\u00e9curit\u00e9, Qualit\u00e9 ou les deux combin\u00e9s<br data-start=\"1113\" data-end=\"1116\" \/><strong data-start=\"1119\" data-end=\"1138\" data-is-only-node=\"\">Dur\u00e9e ajustable<\/strong> selon la demande<\/div>\n<div>\u00a0<\/div>\n<div>\u00a0<\/div>\n\n\t\t<\/div>\n\t\t\t\t\n<style>\n#col-338752428 > .col-inner {\n  padding: 20px 0px 0px 0px;\n}\n<\/style>\n\t<\/div>\n\n\t\n\n<\/div>\n\t<div id=\"gap-1847747930\" class=\"gap-element clearfix\" style=\"display:block; height:auto;\">\n\t\t\n<style>\n#gap-1847747930 {\n  padding-top: 40px;\n}\n<\/style>\n\t<\/div>\n\t\n\n<div class=\"row row-large align-middle align-center\"  id=\"row-1417802812\">\n\n\n\t<div id=\"col-1085024711\" class=\"col medium-10 small-12 large-6\"  >\n\t\t\t\t<div class=\"col-inner\"  >\n\t\t\t\n\t\t\t\n\n<div class=\"row\"  id=\"row-1604081407\">\n\n\n\t<div id=\"col-2101928282\" class=\"col small-12 large-12\"  >\n\t\t\t\t<div class=\"col-inner\"  >\n\t\t\t\n\t\t\t\n\n<h2 data-start=\"114\" data-end=\"162\"><strong data-start=\"121\" data-end=\"160\">Pr\u00e9venir l\u2019erreur, c\u2019est possible !<\/strong><\/h2>\n<h3 data-start=\"163\" data-end=\"298\"><strong data-start=\"163\" data-end=\"229\">D\u00e9mystifier l\u2019erreur humaine pour am\u00e9liorer la performance QSE<\/strong><\/h3>\n<div><strong>Cible<\/strong> : Managers et responsables QSE.<\/div>\n<div><strong>Objectif<\/strong> : Comprendre les limites cognitives du cerveau humain et int\u00e9grer les apports des neurosciences dans les strat\u00e9gies de pr\u00e9vention, pour pr\u00e9venir les erreurs humaines, renforcer la fiabilit\u00e9 des actions et am\u00e9liorer la culture QSE.<\/div>\n<div><strong>Description :<\/strong> \u00c0 travers des apports scientifiques vulgaris\u00e9s, des exemples concrets d\u2019incidents en entreprise et des exercices participatifs, les participants explorent les m\u00e9canismes cognitifs \u00e0 l\u2019origine des erreurs humaines. L\u2019atelier met en lumi\u00e8re des leviers d\u2019action concrets pour ajuster les pratiques manag\u00e9riales, et concevoir des strat\u00e9gies de pr\u00e9vention durables ciblant le facteur humain.<\/div>\n<div>\u00a0<\/div>\n<p><strong data-start=\"979\" data-end=\"989\">Format<\/strong> : Atelier interactif \u2013 Dur\u00e9e moyenne : 1h30<br data-start=\"1033\" data-end=\"1036\" \/><strong data-start=\"1040\" data-end=\"1059\">Personnalisable<\/strong> selon le secteur d\u2019activit\u00e9 (industrie, tertiaire, services\u2026)<br data-start=\"1121\" data-end=\"1124\" \/><strong data-start=\"1127\" data-end=\"1145\">Th\u00e8mes abord\u00e9s<\/strong> : Neurosciences et erreurs humaines \u2013 S\u00e9curit\u00e9 \u2013 Qualit\u00e9 \u2013 Management<br data-start=\"1215\" data-end=\"1218\" \/><strong data-start=\"1221\" data-end=\"1240\" data-is-only-node=\"\">Dur\u00e9e ajustable<\/strong> selon la demande<\/p>\n<p>\u00a0<\/p>\n\n\t\t<\/div>\n\t\t\t\t\t<\/div>\n\n\t\n\n<\/div>\n\n\t\t<\/div>\n\t\t\t\t\n<style>\n#col-1085024711 > .col-inner {\n  padding: 20px 0px 0px 0px;\n}\n<\/style>\n\t<\/div>\n\n\t\n\n\t<div id=\"col-1920013048\" class=\"col medium-10 small-12 large-6 medium-col-first\"  >\n\t\t\t\t<div class=\"col-inner\"  >\n\t\t\t\n\t\t\t\n\n\t<div class=\"img has-hover x md-x lg-x y md-y lg-y\" id=\"image_616037844\">\n\t\t\t\t\t\t\t\t<div class=\"img-inner dark\" >\n\t\t\t<img decoding=\"async\" width=\"640\" height=\"800\" src=\"https:\/\/neur-elite.com\/wp-content\/uploads\/2025\/04\/Sans-titre-1080-x-1350-px-640x800.png\" class=\"attachment-large size-large\" alt=\"\" srcset=\"https:\/\/neur-elite.com\/wp-content\/uploads\/2025\/04\/Sans-titre-1080-x-1350-px-640x800.png 640w, https:\/\/neur-elite.com\/wp-content\/uploads\/2025\/04\/Sans-titre-1080-x-1350-px-320x400.png 320w, https:\/\/neur-elite.com\/wp-content\/uploads\/2025\/04\/Sans-titre-1080-x-1350-px-768x960.png 768w, https:\/\/neur-elite.com\/wp-content\/uploads\/2025\/04\/Sans-titre-1080-x-1350-px-10x12.png 10w, https:\/\/neur-elite.com\/wp-content\/uploads\/2025\/04\/Sans-titre-1080-x-1350-px.png 1080w\" sizes=\"(max-width: 640px) 100vw, 640px\" \/>\t\t\t\t\t\t\n\t\t\t\t\t<\/div>\n\t\t\t\t\t\t\t\t\n<style>\n#image_616037844 {\n  width: 85%;\n}\n<\/style>\n\t<\/div>\n\t\n\n\n\t\t<\/div>\n\t\t\t\t\t<\/div>\n\n\t\n\n<\/div>\n\t<div id=\"gap-765721197\" class=\"gap-element clearfix\" style=\"display:block; height:auto;\">\n\t\t\n<style>\n#gap-765721197 {\n  padding-top: 40px;\n}\n<\/style>\n\t<\/div>\n\t\n\n<div class=\"row align-middle align-center\"  id=\"row-1128393885\">\n\n\n\t<div id=\"col-1994720452\" class=\"col medium-6 small-12 large-6\"  >\n\t\t\t\t<div class=\"col-inner\"  >\n\t\t\t\n\t\t\t\n\n\t<div class=\"img has-hover x md-x lg-x y md-y lg-y\" id=\"image_1721369766\">\n\t\t\t\t\t\t\t\t<div class=\"img-inner dark\" >\n\t\t\t<img loading=\"lazy\" decoding=\"async\" width=\"640\" height=\"800\" src=\"https:\/\/neur-elite.com\/wp-content\/uploads\/2025\/02\/Post-template-1080-x-1350-px-1-640x800.png\" class=\"attachment-large size-large\" alt=\"\" srcset=\"https:\/\/neur-elite.com\/wp-content\/uploads\/2025\/02\/Post-template-1080-x-1350-px-1-640x800.png 640w, https:\/\/neur-elite.com\/wp-content\/uploads\/2025\/02\/Post-template-1080-x-1350-px-1-320x400.png 320w, https:\/\/neur-elite.com\/wp-content\/uploads\/2025\/02\/Post-template-1080-x-1350-px-1-768x960.png 768w, https:\/\/neur-elite.com\/wp-content\/uploads\/2025\/02\/Post-template-1080-x-1350-px-1.png 1080w\" sizes=\"(max-width: 640px) 100vw, 640px\" \/>\t\t\t\t\t\t\n\t\t\t\t\t<\/div>\n\t\t\t\t\t\t\t\t\n<style>\n#image_1721369766 {\n  width: 85%;\n}\n<\/style>\n\t<\/div>\n\t\n\n\n\t\t<\/div>\n\t\t\t\t\t<\/div>\n\n\t\n\n\t<div id=\"col-353993970\" class=\"col medium-6 small-12 large-6\"  >\n\t\t\t\t<div class=\"col-inner\"  >\n\t\t\t\n\t\t\t\n\n<h2>Charge mentale et performance : Mieux g\u00e9rer pour mieux r\u00e9ussir<\/h2>\n<p><b>Cible : <\/b>Managers, salari\u00e9s, entrepreneurs, professionnels du bien-\u00eatre.<br \/><b>Objectif : <\/b>Comprendre l\u2019impact de la surcharge cognitive sur la prise de d\u00e9cision et la productivit\u00e9, et d\u00e9couvrir des outils pour mieux la g\u00e9rer et optimiser la performance sans \u00e9puisement.<\/p>\n<p><u><b><i>Conf\u00e9rence &#8211; Dur\u00e9e : 1h<\/i><\/b><\/u><\/p>\n\n\t\t<\/div>\n\t\t\t\t\t<\/div>\n\n\t\n\n<\/div>\n\t<div id=\"gap-445640614\" class=\"gap-element clearfix\" style=\"display:block; height:auto;\">\n\t\t\n<style>\n#gap-445640614 {\n  padding-top: 40px;\n}\n<\/style>\n\t<\/div>\n\t\n\n  <div id=\"page-header-1137201559\" class=\"page-header-wrapper\">\n  <div class=\"page-title dark featured-title\">\n\n        <div class=\"page-title-bg\">\n      <div class=\"title-bg fill bg-fill\"\n        data-parallax-container=\".page-title\"\n        data-parallax-background\n        data-parallax=\"-\">\n      <\/div>\n      <div class=\"title-overlay fill\"><\/div>\n    <\/div>\n    \n    <div class=\"page-title-inner container align-center flex-row medium-flex-wrap\" >\n              <div class=\"title-wrapper uppercase flex-col text-left medium-text-center\">\n          <h1 class=\"entry-title mb-0\">\n            Cible : Milieu \u00e9ducatif          <\/h1>\n        <\/div>\n                    <div class=\"title-content flex-col flex-right text-right medium-text-center\">\n        <div class=\"title-breadcrumbs pb-half pt-half\"><\/div>      <\/div>\n    <\/div>\n\n     \n<style>\n#page-header-1137201559 .featured-title {\n  background-color: #426ebb;\n}\n<\/style>\n  <\/div>\n    <\/div>\n  \n\n\t<div id=\"gap-1221761666\" class=\"gap-element clearfix\" style=\"display:block; height:auto;\">\n\t\t\n<style>\n#gap-1221761666 {\n  padding-top: 30px;\n}\n<\/style>\n\t<\/div>\n\t\n\n<div class=\"row align-middle align-center\"  id=\"row-433223870\">\n\n\n\t<div id=\"col-1977563815\" class=\"col medium-6 small-12 large-6\"  >\n\t\t\t\t<div class=\"col-inner\"  >\n\t\t\t\n\t\t\t\n\n<h2>Les secrets du d\u00e9veloppement c\u00e9r\u00e9bral des enfants : Cl\u00e9s pour un apprentissage optimal<\/h2>\n<p><b>Cible : <\/b>Enseignants, \u00e9ducateurs, parents et professionnels de la petite enfance.<br \/><b>Objectif : <\/b>Explorer les \u00e9tapes cl\u00e9s du d\u00e9veloppement c\u00e9r\u00e9bral de l\u2019enfant et d\u00e9couvrir des approches p\u00e9dagogiques adapt\u00e9es pour favoriser un apprentissage et un \u00e9panouissement optimaux d\u00e8s le plus jeune \u00e2ge.<\/p>\n<p><u><b><i>Conf\u00e9rence &#8211; Dur\u00e9e : 1h<br \/><\/i><\/b><\/u>* 2 interventions distincts selon la cible: petite enfance &amp; cr\u00e8ches ; \u00e9l\u00e8ves &amp; \u00e9coles.<\/p>\n\n\t\t<\/div>\n\t\t\t\t\t<\/div>\n\n\t\n\n\t<div id=\"col-1271213398\" class=\"col medium-6 small-12 large-6\"  >\n\t\t\t\t<div class=\"col-inner\"  >\n\t\t\t\n\t\t\t\n\n\t<div class=\"img has-hover x md-x lg-x y md-y lg-y\" id=\"image_881955032\">\n\t\t\t\t\t\t\t\t<div class=\"img-inner dark\" >\n\t\t\t<img loading=\"lazy\" decoding=\"async\" width=\"640\" height=\"800\" src=\"https:\/\/neur-elite.com\/wp-content\/uploads\/2025\/02\/Post-template-1080-x-1350-px-2-640x800.png\" class=\"attachment-large size-large\" alt=\"\" srcset=\"https:\/\/neur-elite.com\/wp-content\/uploads\/2025\/02\/Post-template-1080-x-1350-px-2-640x800.png 640w, https:\/\/neur-elite.com\/wp-content\/uploads\/2025\/02\/Post-template-1080-x-1350-px-2-320x400.png 320w, https:\/\/neur-elite.com\/wp-content\/uploads\/2025\/02\/Post-template-1080-x-1350-px-2-768x960.png 768w, https:\/\/neur-elite.com\/wp-content\/uploads\/2025\/02\/Post-template-1080-x-1350-px-2.png 1080w\" sizes=\"(max-width: 640px) 100vw, 640px\" \/>\t\t\t\t\t\t\n\t\t\t\t\t<\/div>\n\t\t\t\t\t\t\t\t\n<style>\n#image_881955032 {\n  width: 85%;\n}\n<\/style>\n\t<\/div>\n\t\n\n\n\t\t<\/div>\n\t\t\t\t\t<\/div>\n\n\t\n\n<\/div>\n\t<div id=\"gap-339661407\" class=\"gap-element clearfix\" style=\"display:block; height:auto;\">\n\t\t\n<style>\n#gap-339661407 {\n  padding-top: 60px;\n}\n<\/style>\n\t<\/div>\n\t\n\n\n\t\t<\/div>\n\n\t\t\n<style>\n#section_432629238 {\n  padding-top: 50px;\n  padding-bottom: 50px;\n}\n@media (min-width:550px) {\n  #section_432629238 {\n    padding-top: 0px;\n    padding-bottom: 0px;\n  }\n}\n<\/style>\n\t<\/section>\n\t\n\n\t<section class=\"section dark\" id=\"section_1879033463\">\n\t\t<div class=\"section-bg fill\" >\n\t\t\t<img loading=\"lazy\" decoding=\"async\" width=\"1920\" height=\"720\" src=\"https:\/\/neur-elite.com\/wp-content\/uploads\/2025\/02\/Brown-Blue-Denim-Jeans-Fashion-Sale-Website-Banner-5.png\" class=\"bg attachment- size-\" alt=\"\" \/>\t\t\t\t\t\t<div class=\"section-bg-overlay absolute fill\"><\/div>\n\t\t\t\n\n\t\t<\/div>\n\n\t\t\n\n\t\t<div class=\"section-content relative\">\n\t\t\t\n\n\t<div id=\"gap-1006700149\" class=\"gap-element clearfix\" style=\"display:block; height:auto;\">\n\t\t\n<style>\n#gap-1006700149 {\n  padding-top: 45px;\n}\n<\/style>\n\t<\/div>\n\t\n\n<div class=\"row row-full-width\"  id=\"row-246614070\">\n\n\n\t<div id=\"col-104944524\" class=\"col small-12 large-12\"  >\n\t\t\t\t<div class=\"col-inner\"  >\n\t\t\t\n\t\t\t\n\n<div class=\"row row-collapse row-full-width\"  id=\"row-1420761218\">\n\n\n\t<div id=\"col-232154631\" class=\"col medium-12 small-12 large-12\"  >\n\t\t\t\t<div class=\"col-inner\"  >\n\t\t\t\n\t\t\t\n\n\t<div id=\"gap-141823431\" class=\"gap-element clearfix show-for-medium\" style=\"display:block; height:auto;\">\n\t\t\n<style>\n#gap-141823431 {\n  padding-top: 30px;\n}\n<\/style>\n\t<\/div>\n\t\n\n\n\t\t<\/div>\n\t\t\t\t\t<\/div>\n\n\t\n\n<\/div>\n\t<div id=\"text-3749741736\" class=\"text\">\n\t\t\n\n<h2>Optimiser la performance humaine <br \/>gr\u00e2ce aux neurosciences<\/h2>\n\t\t\n<style>\n#text-3749741736 {\n  font-size: 1.25rem;\n  text-align: center;\n}\n@media (min-width:850px) {\n  #text-3749741736 {\n    font-size: 1.5rem;\n    text-align: center;\n  }\n}\n<\/style>\n\t<\/div>\n\t\n\n\t\t<\/div>\n\t\t\t\t\n<style>\n#col-104944524 > .col-inner {\n  padding: 0px 5% 0px 5%;\n}\n@media (min-width:550px) {\n  #col-104944524 > .col-inner {\n    padding: 0px 5% 0px 5%;\n  }\n}\n<\/style>\n\t<\/div>\n\n\t\n\n<\/div>\n\n\t\t<\/div>\n\n\t\t\n<style>\n#section_1879033463 {\n  padding-top: 30px;\n  padding-bottom: 30px;\n  min-height: 300px;\n}\n#section_1879033463 .section-bg-overlay {\n  background-color: rgba(0, 120, 128, 0.33);\n}\n#section_1879033463 .section-bg img {\n  object-position: 20%;\n}\n<\/style>\n\t<\/section>\n\t\n\n","protected":false},"excerpt":{"rendered":"","protected":false},"author":2,"featured_media":0,"parent":0,"menu_order":0,"comment_status":"closed","ping_status":"closed","template":"","meta":{"_themeisle_gutenberg_block_has_review":false,"footnotes":""},"class_list":["post-235","page","type-page","status-publish","hentry"],"_links":{"self":[{"href":"https:\/\/neur-elite.com\/fr\/wp-json\/wp\/v2\/pages\/235","targetHints":{"allow":["GET"]}}],"collection":[{"href":"https:\/\/neur-elite.com\/fr\/wp-json\/wp\/v2\/pages"}],"about":[{"href":"https:\/\/neur-elite.com\/fr\/wp-json\/wp\/v2\/types\/page"}],"author":[{"embeddable":true,"href":"https:\/\/neur-elite.com\/fr\/wp-json\/wp\/v2\/users\/2"}],"replies":[{"embeddable":true,"href":"https:\/\/neur-elite.com\/fr\/wp-json\/wp\/v2\/comments?post=235"}],"version-history":[{"count":44,"href":"https:\/\/neur-elite.com\/fr\/wp-json\/wp\/v2\/pages\/235\/revisions"}],"predecessor-version":[{"id":605,"href":"https:\/\/neur-elite.com\/fr\/wp-json\/wp\/v2\/pages\/235\/revisions\/605"}],"wp:attachment":[{"href":"https:\/\/neur-elite.com\/fr\/wp-json\/wp\/v2\/media?parent=235"}],"curies":[{"name":"wp","href":"https:\/\/api.w.org\/{rel}","templated":true}]}}