{"id":302,"date":"2025-02-19T17:02:56","date_gmt":"2025-02-19T17:02:56","guid":{"rendered":"https:\/\/neur-elite.com\/?page_id=302"},"modified":"2025-03-13T08:46:03","modified_gmt":"2025-03-13T08:46:03","slug":"home-2","status":"publish","type":"page","link":"https:\/\/neur-elite.com\/fr\/","title":{"rendered":"Home"},"content":{"rendered":"\n\n\t<section class=\"section dark has-scroll-for-more\" id=\"section_431623704\">\n\t\t<div class=\"section-bg fill\" >\n\t\t\t<img fetchpriority=\"high\" decoding=\"async\" width=\"1920\" height=\"720\" src=\"https:\/\/neur-elite.com\/wp-content\/uploads\/2025\/02\/Brown-Blue-Denim-Jeans-Fashion-Sale-Website-Banner-2.png\" class=\"bg attachment-original size-original\" alt=\"\" \/>\t\t\t\t\t\t<button class=\"scroll-for-more z-5 icon absolute bottom h-center\" aria-label=\"Fais d\u00e9filer pour en savoir plus\"><i class=\"icon-angle-down\" aria-hidden=\"true\" style=\"font-size:42px;\"><\/i><\/button>\n\t\t\t\n\n\t\t<\/div>\n\n\t\t\n\n\t\t<div class=\"section-content relative\">\n\t\t\t\n\n<div class=\"row align-center\"  id=\"row-1752211087\">\n\n\n\t<div id=\"col-148873398\" class=\"col medium-10 small-12 large-10\"  >\n\t\t\t\t<div class=\"col-inner text-center\"  >\n\t\t\t\n\t\t\t\n\n\t<div id=\"text-615963385\" class=\"text\">\n\t\t\n\n<h1><strong>LE CERVEAU N\u2019A PAS DE LIMITES, SAUF CELLES QU\u2019ON LUI IMPOSE.<\/strong><br \/><strong>L\u2019EXPLORER, C\u2019EST REPOUSSER LES FRONTI\u00c8RES DE NOS CAPACIT\u00c9S<\/strong><\/h1>\n\t\t\n<style>\n#text-615963385 {\n  font-size: 1.35rem;\n  color: rgb(255,255,255);\n}\n#text-615963385 > * {\n  color: rgb(255,255,255);\n}\n<\/style>\n\t<\/div>\n\t\n\t<div id=\"gap-968184075\" class=\"gap-element clearfix\" style=\"display:block; height:auto;\">\n\t\t\n<style>\n#gap-968184075 {\n  padding-top: 20px;\n}\n<\/style>\n\t<\/div>\n\t\n\n<a href=\"https:\/\/neur-elite.com\/services\/\" class=\"button white\" style=\"border-radius:20px;\">\n\t\t<span>Services<\/span>\n\t<\/a>\n\n\n\n\t\t<\/div>\n\t\t\t\t\t<\/div>\n\n\t\n\n<\/div>\n\n\t\t<\/div>\n\n\t\t\n<style>\n#section_431623704 {\n  padding-top: 46px;\n  padding-bottom: 46px;\n  min-height: 650px;\n}\n#section_431623704 .section-bg img {\n  object-position: 67% 21%;\n}\n@media (min-width:550px) {\n  #section_431623704 {\n    padding-top: 30px;\n    padding-bottom: 30px;\n    min-height: 620px;\n  }\n}\n<\/style>\n\t<\/section>\n\t\n\n\t<section class=\"section\" id=\"section_480184258\">\n\t\t<div class=\"section-bg fill\" >\n\t\t\t\t\t\t\t\t\t\n\t\t\t\n\n\t\t<\/div>\n\n\t\t\n\n\t\t<div class=\"section-content relative\">\n\t\t\t\n\n\t<div id=\"gap-1683611067\" class=\"gap-element clearfix\" style=\"display:block; height:auto;\">\n\t\t\n<style>\n#gap-1683611067 {\n  padding-top: 30px;\n}\n<\/style>\n\t<\/div>\n\t\n\n<div class=\"row row-large\"  id=\"row-103628551\">\n\n\n\t<div id=\"col-1427332614\" class=\"col medium-12 small-12 large-6\"  >\n\t\t\t\t<div class=\"col-inner\"  >\n\t\t\t\n\t\t\t\n\n\t<div id=\"text-3427695679\" class=\"text\">\n\t\t\n\n<h3>Pourquoi NeurElite?<\/h3>\n\t\t\n<style>\n#text-3427695679 {\n  font-size: 1.5rem;\n}\n<\/style>\n\t<\/div>\n\t\n<p>NeurElite met les neurosciences appliqu\u00e9es au service de la performance, de la s\u00e9curit\u00e9 et de l\u2019apprentissage. NeurElite permet d\u2019exploiter les connaissances scientifiques pour r\u00e9duire les erreurs, optimiser la prise de d\u00e9cision et am\u00e9liorer l\u2019apprentissage et la gestion de la charge mentale.<\/p>\n\n\t\t<\/div>\n\t\t\t\t\t<\/div>\n\n\t\n\n\t<div id=\"col-1212530005\" class=\"col medium-12 small-12 large-6\"  >\n\t\t\t\t<div class=\"col-inner\"  >\n\t\t\t\n\t\t\t\n\n\t<div id=\"text-508418946\" class=\"text\">\n\t\t\n\n<h4>Les conf\u00e9rences et les ateliers propos\u00e9es couvrent plusieurs domaines :<\/h4>\n\t\t\n<style>\n#text-508418946 {\n  line-height: 1.65;\n}\n<\/style>\n\t<\/div>\n\t\n\n\t\t<div class=\"icon-box featured-box icon-box-left text-left\"  >\n\t\t\t\t\t<div class=\"icon-box-img\" style=\"width: 31px\">\n\t\t\t\t<div class=\"icon\">\n\t\t\t\t\t<div class=\"icon-inner\" >\n\t\t\t\t\t\t<img decoding=\"async\" width=\"50\" height=\"50\" src=\"https:\/\/neur-elite.com\/wp-content\/uploads\/2025\/02\/1.png\" class=\"attachment-medium size-medium\" alt=\"\" \/>\t\t\t\t\t<\/div>\n\t\t\t\t<\/div>\n\t\t\t<\/div>\n\t\t\t\t<div class=\"icon-box-text last-reset\">\n\t\t\t\t\t\t\t\t\t\n\n\t<div id=\"text-1520191015\" class=\"text\">\n\t\t\n\n<h4 style=\"text-align: left;\"><b>Industrie et QSE<\/b><\/h4>\n\t\t\n<style>\n#text-1520191015 {\n  font-size: 1rem;\n  line-height: 2;\n}\n<\/style>\n\t<\/div>\n\t\n\n\t\t<\/div>\n\t<\/div>\n\t\n\t\n\t<div id=\"gap-877901611\" class=\"gap-element clearfix\" style=\"display:block; height:auto;\">\n\t\t\n<style>\n#gap-877901611 {\n  padding-top: 6px;\n}\n<\/style>\n\t<\/div>\n\t\n\n\n\t\t<div class=\"icon-box featured-box icon-box-left text-left\"  >\n\t\t\t\t\t<div class=\"icon-box-img\" style=\"width: 30px\">\n\t\t\t\t<div class=\"icon\">\n\t\t\t\t\t<div class=\"icon-inner\" >\n\t\t\t\t\t\t<img decoding=\"async\" width=\"50\" height=\"50\" src=\"https:\/\/neur-elite.com\/wp-content\/uploads\/2025\/02\/2.png\" class=\"attachment-medium size-medium\" alt=\"\" \/>\t\t\t\t\t<\/div>\n\t\t\t\t<\/div>\n\t\t\t<\/div>\n\t\t\t\t<div class=\"icon-box-text last-reset\">\n\t\t\t\t\t\t\t\t\t\n\n\t<div id=\"text-1684599282\" class=\"text\">\n\t\t\n\n<h4>\u00c9ducation et apprentissage<\/h4>\n\t\t\n<style>\n#text-1684599282 {\n  font-size: 1rem;\n  line-height: 2;\n}\n<\/style>\n\t<\/div>\n\t\n\n\t\t<\/div>\n\t<\/div>\n\t\n\t\n\t<div id=\"gap-1380768060\" class=\"gap-element clearfix\" style=\"display:block; height:auto;\">\n\t\t\n<style>\n#gap-1380768060 {\n  padding-top: 6px;\n}\n<\/style>\n\t<\/div>\n\t\n\n\n\t\t<div class=\"icon-box featured-box icon-box-left text-left\"  >\n\t\t\t\t\t<div class=\"icon-box-img\" style=\"width: 32px\">\n\t\t\t\t<div class=\"icon\">\n\t\t\t\t\t<div class=\"icon-inner\" >\n\t\t\t\t\t\t<img loading=\"lazy\" decoding=\"async\" width=\"50\" height=\"50\" src=\"https:\/\/neur-elite.com\/wp-content\/uploads\/2025\/02\/3.png\" class=\"attachment-medium size-medium\" alt=\"\" \/>\t\t\t\t\t<\/div>\n\t\t\t\t<\/div>\n\t\t\t<\/div>\n\t\t\t\t<div class=\"icon-box-text last-reset\">\n\t\t\t\t\t\t\t\t\t\n\n\t<div id=\"text-2787628963\" class=\"text\">\n\t\t\n\n<h4>Management et bien-\u00eatre<\/h4>\n\t\t\n<style>\n#text-2787628963 {\n  font-size: 1.1rem;\n  line-height: 2;\n}\n<\/style>\n\t<\/div>\n\t\n\n\t\t<\/div>\n\t<\/div>\n\t\n\t\n\t<div id=\"gap-2121683731\" class=\"gap-element clearfix\" style=\"display:block; height:auto;\">\n\t\t\n<style>\n#gap-2121683731 {\n  padding-top: 10px;\n}\n<\/style>\n\t<\/div>\n\t\n\n<h5><b>Une approche bas\u00e9e sur la science, appliqu\u00e9e aux d\u00e9fis de l\u2019entreprise et de l\u2019\u00e9ducation.<\/b><\/h5>\n\n\t\t<\/div>\n\t\t\t\t\n<style>\n#col-1212530005 > .col-inner {\n  padding: 10px 0px 0px 0px;\n}\n<\/style>\n\t<\/div>\n\n\t\n\n<\/div>\n<div class=\"row\"  id=\"row-1355016402\">\n\n\n\t<div id=\"col-683702453\" class=\"col small-12 large-12\"  >\n\t\t\t\t<div class=\"col-inner\"  >\n\t\t\t\n\t\t\t\n\n\t<div id=\"text-2134290677\" class=\"text\">\n\t\t\n\n<h2><b>Objectifs de NeurElite:<\/b><\/h2>\n<div>\n<div>\u2714\ufe0f Traduire les d\u00e9couvertes neuroscientifiques en strat\u00e9gies concr\u00e8tes et applicables.<\/div>\n<div>\u00a0<\/div>\n<div>\u2714\ufe0f Sensibiliser aux m\u00e9canismes cognitifs influen\u00e7ant la s\u00e9curit\u00e9, la qualit\u00e9, la communication et l\u2019apprentissage.<\/div>\n<div>\u00a0<\/div>\n<div>\u2714\ufe0f Apporter des solutions innovantes pour am\u00e9liorer la gestion des erreurs et la performance humaine<\/div>\n<\/div>\n\t\t\n<style>\n#text-2134290677 {\n  line-height: 1.55;\n}\n<\/style>\n\t<\/div>\n\t\n\n\t\t<\/div>\n\t\t\t\t\t<\/div>\n\n\t\n\n<\/div>\n\t<div id=\"gap-1679968085\" class=\"gap-element clearfix\" style=\"display:block; height:auto;\">\n\t\t\n<style>\n#gap-1679968085 {\n  padding-top: 60px;\n}\n<\/style>\n\t<\/div>\n\t\n\n\n\t\t<\/div>\n\n\t\t\n<style>\n#section_480184258 {\n  padding-top: 0px;\n  padding-bottom: 0px;\n}\n<\/style>\n\t<\/section>\n\t\n\n\t<section class=\"section\" id=\"section_1907551082\">\n\t\t<div class=\"section-bg fill\" >\n\t\t\t\t\t\t\t\t\t\n\t\t\t\n\n\t\t<\/div>\n\n\t\t\n\n\t\t<div class=\"section-content relative\">\n\t\t\t\n\n<div class=\"row align-middle align-center\"  id=\"row-1358623437\">\n\n\n\t<div id=\"col-941259468\" class=\"col medium-5 small-12 large-5\"  >\n\t\t\t\t<div class=\"col-inner text-center\"  >\n\t\t\t\n\t\t\t\n\n\t<div class=\"img has-hover x md-x lg-x y md-y lg-y\" id=\"image_1548849235\">\n\t\t\t\t\t\t\t\t<div class=\"img-inner dark\" >\n\t\t\t<img loading=\"lazy\" decoding=\"async\" width=\"800\" height=\"800\" src=\"https:\/\/neur-elite.com\/wp-content\/uploads\/2025\/02\/jenny-cv-modified-800x800.png\" class=\"attachment-large size-large\" alt=\"\" srcset=\"https:\/\/neur-elite.com\/wp-content\/uploads\/2025\/02\/jenny-cv-modified-800x800.png 800w, https:\/\/neur-elite.com\/wp-content\/uploads\/2025\/02\/jenny-cv-modified-400x400.png 400w, https:\/\/neur-elite.com\/wp-content\/uploads\/2025\/02\/jenny-cv-modified-280x280.png 280w, https:\/\/neur-elite.com\/wp-content\/uploads\/2025\/02\/jenny-cv-modified-768x768.png 768w, https:\/\/neur-elite.com\/wp-content\/uploads\/2025\/02\/jenny-cv-modified.png 987w\" sizes=\"(max-width: 800px) 100vw, 800px\" \/>\t\t\t\t\t\t\n\t\t\t\t\t<\/div>\n\t\t\t\t\t\t\t\t\n<style>\n#image_1548849235 {\n  width: 77%;\n}\n<\/style>\n\t<\/div>\n\t\n\n\n\t\t<\/div>\n\t\t\t\t\t<\/div>\n\n\t\n\n\t<div id=\"col-789626665\" class=\"col medium-7 small-12 large-7\"  >\n\t\t\t\t<div class=\"col-inner\"  >\n\t\t\t\n\t\t\t\n\n\t<div id=\"gap-1354017432\" class=\"gap-element clearfix\" style=\"display:block; height:auto;\">\n\t\t\n<style>\n#gap-1354017432 {\n  padding-top: 30px;\n}\n<\/style>\n\t<\/div>\n\t\n\n\t<div id=\"text-3476075472\" class=\"text\">\n\t\t\n\n<h2><b>\u00c0 Propos \u2013 Qui suis-je ?<\/b><\/h2>\n\t\t\n<style>\n#text-3476075472 {\n  font-size: 1.5rem;\n  line-height: 0.75;\n}\n<\/style>\n\t<\/div>\n\t\n<p><b>Jennifer <\/b><b>Makhoul<\/b>, docteure en <strong>Neurosciences<\/strong>, sp\u00e9cialis\u00e9e dans le <b>fonctionnement du cerveau et la gestion des erreurs humaines<\/b>. Mon parcours m\u2019a \u00e9galement men\u00e9e vers une expertise en <b>Qualit\u00e9, S\u00e9curit\u00e9 et Environnement (QSE)<\/b>, me permettant de croiser ces deux domaines pour sensibiliser aux m\u00e9canismes cognitifs et proposer des strat\u00e9gies concr\u00e8tes de r\u00e9duction des erreurs humaines en entreprise.<\/p>\n<p>Passionn\u00e9e par les neurosciences appliqu\u00e9es, je souhaite \u00e9galement \u00e9clairer le milieu \u00e9ducatif, des cr\u00e8ches aux \u00e9coles, sur les m\u00e9canismes du d\u00e9veloppement c\u00e9r\u00e9bral des enfants. L\u2019objectif est d\u2019optimiser les m\u00e9thodes p\u00e9dagogiques et d\u2019accompagner au mieux leur apprentissage en int\u00e9grant les avanc\u00e9es scientifiques sur le cerveau.<\/p>\n\n\t\t<\/div>\n\t\t\t\t\n<style>\n#col-789626665 > .col-inner {\n  padding: 0px 1% 0px 1%;\n}\n@media (min-width:550px) {\n  #col-789626665 > .col-inner {\n    padding: 0px 2% 0px 2%;\n  }\n}\n@media (min-width:850px) {\n  #col-789626665 > .col-inner {\n    padding: 0px 0px 0px 10%;\n  }\n}\n<\/style>\n\t<\/div>\n\n\t\n\n<\/div>\n\n\t\t<\/div>\n\n\t\t\n<style>\n#section_1907551082 {\n  padding-top: 0px;\n  padding-bottom: 0px;\n}\n<\/style>\n\t<\/section>\n\t\n\t<div id=\"gap-1208838347\" class=\"gap-element clearfix\" style=\"display:block; height:auto;\">\n\t\t\n<style>\n#gap-1208838347 {\n  padding-top: 60px;\n}\n<\/style>\n\t<\/div>\n\t\n\n\n\t<section class=\"section dark\" id=\"section_1911798237\">\n\t\t<div class=\"section-bg fill\" >\n\t\t\t<img loading=\"lazy\" decoding=\"async\" width=\"1920\" height=\"720\" src=\"https:\/\/neur-elite.com\/wp-content\/uploads\/2025\/02\/Brown-Blue-Denim-Jeans-Fashion-Sale-Website-Banner-5.png\" class=\"bg attachment- size-\" alt=\"\" \/>\t\t\t\t\t\t<div class=\"section-bg-overlay absolute fill\"><\/div>\n\t\t\t\n\n\t\t<\/div>\n\n\t\t\n\n\t\t<div class=\"section-content relative\">\n\t\t\t\n\n\t<div id=\"gap-1018063431\" class=\"gap-element clearfix\" style=\"display:block; height:auto;\">\n\t\t\n<style>\n#gap-1018063431 {\n  padding-top: 45px;\n}\n<\/style>\n\t<\/div>\n\t\n\n<div class=\"row row-full-width\"  id=\"row-1737093355\">\n\n\n\t<div id=\"col-1903488591\" class=\"col small-12 large-12\"  >\n\t\t\t\t<div class=\"col-inner\"  >\n\t\t\t\n\t\t\t\n\n<div class=\"row row-collapse row-full-width\"  id=\"row-255239625\">\n\n\n\t<div id=\"col-1753316223\" class=\"col medium-12 small-12 large-12\"  >\n\t\t\t\t<div class=\"col-inner\"  >\n\t\t\t\n\t\t\t\n\n\t<div id=\"gap-1251015627\" class=\"gap-element clearfix show-for-medium\" style=\"display:block; height:auto;\">\n\t\t\n<style>\n#gap-1251015627 {\n  padding-top: 30px;\n}\n<\/style>\n\t<\/div>\n\t\n\n\n\t\t<\/div>\n\t\t\t\t\t<\/div>\n\n\t\n\n<\/div>\n\t<div id=\"text-2186329300\" class=\"text\">\n\t\t\n\n<h2>Optimiser la performance humaine <br \/>gr\u00e2ce aux neurosciences<\/h2>\n\t\t\n<style>\n#text-2186329300 {\n  font-size: 1.25rem;\n  text-align: center;\n}\n@media (min-width:850px) {\n  #text-2186329300 {\n    font-size: 1.5rem;\n    text-align: center;\n  }\n}\n<\/style>\n\t<\/div>\n\t\n\n\t\t<\/div>\n\t\t\t\t\n<style>\n#col-1903488591 > .col-inner {\n  padding: 0px 5% 0px 5%;\n}\n@media (min-width:550px) {\n  #col-1903488591 > .col-inner {\n    padding: 0px 5% 0px 5%;\n  }\n}\n<\/style>\n\t<\/div>\n\n\t\n\n<\/div>\n\n\t\t<\/div>\n\n\t\t\n<style>\n#section_1911798237 {\n  padding-top: 30px;\n  padding-bottom: 30px;\n  min-height: 300px;\n}\n#section_1911798237 .section-bg-overlay {\n  background-color: rgba(0, 120, 128, 0.33);\n}\n#section_1911798237 .section-bg img {\n  object-position: 20%;\n}\n<\/style>\n\t<\/section>\n\t\n<div class=\"is-divider divider clearfix\" style=\"margin-top:0px;margin-bottom:0px;max-width:100%;height:1px;\"><\/div>\n\n\n\t<section class=\"section\" id=\"section_2126400888\">\n\t\t<div class=\"section-bg fill\" >\n\t\t\t\t\t\t\t\t\t\n\t\t\t\n\n\t\t<\/div>\n\n\t\t\n\n\t\t<div class=\"section-content relative\">\n\t\t\t\n\n\t<div id=\"gap-1742004013\" class=\"gap-element clearfix\" style=\"display:block; height:auto;\">\n\t\t\n<style>\n#gap-1742004013 {\n  padding-top: 60px;\n}\n<\/style>\n\t<\/div>\n\t\n\n<div class=\"row\"  id=\"row-790384043\">\n\n\n\t<div id=\"col-1339106328\" class=\"col medium-6 small-12 large-5 medium-col-first\"  >\n\t\t\t\t<div class=\"col-inner\"  >\n\t\t\t\n\t\t\t\n\n<h5><b>NeurElite<\/b><\/h5>\n<p>NeurElite aide les entreprises et les professionnels \u00e0 optimiser leur performance gr\u00e2ce aux neurosciences. \u00c0 travers des conf\u00e9rences et des ateliers adapt\u00e9es, NeurElite transforme la compr\u00e9hension du cerveau en outils concrets pour am\u00e9liorer la performance humaine.<\/p>\n<div class=\"social-icons follow-icons\" style=\"font-size:70%\"><a href=\"https:\/\/www.linkedin.com\/company\/neurelite\" data-label=\"LinkedIn\" target=\"_blank\" class=\"icon primary button circle tooltip linkedin\" title=\"Nous suivre sur LinkedIn\" aria-label=\"Nous suivre sur LinkedIn\" rel=\"noopener nofollow\"><i class=\"icon-linkedin\" aria-hidden=\"true\"><\/i><\/a><\/div>\n\n\n\t\t<\/div>\n\t\t\t\t\t<\/div>\n\n\t\n\n\t<div id=\"col-954555294\" class=\"col medium-6 small-12 large-7 medium-col-first\"  >\n\t\t\t\t<div class=\"col-inner\"  >\n\t\t\t\n\t\t\t\n\n<h5>Newsletter<\/h5>\n<p><span style=\"font-size: 90%;\">Abonnez-vous pour \u00eatre inform\u00e9 des lancements de produits, des offres sp\u00e9ciales et des actualit\u00e9s de l&rsquo;entreprise.<\/span><\/p>\n\n<div class=\"wpcf7 no-js\" id=\"wpcf7-f34-o1\" lang=\"en-US\" dir=\"ltr\" data-wpcf7-id=\"34\">\n<div class=\"screen-reader-response\"><p role=\"status\" aria-live=\"polite\" aria-atomic=\"true\"><\/p> <ul><\/ul><\/div>\n<form action=\"\/fr\/wp-json\/wp\/v2\/pages\/302#wpcf7-f34-o1\" method=\"post\" class=\"wpcf7-form init\" aria-label=\"Contact form\" novalidate=\"novalidate\" data-status=\"init\">\n<fieldset class=\"hidden-fields-container\"><input type=\"hidden\" name=\"_wpcf7\" value=\"34\" \/><input type=\"hidden\" name=\"_wpcf7_version\" value=\"6.1.5\" \/><input type=\"hidden\" name=\"_wpcf7_locale\" value=\"en_US\" \/><input type=\"hidden\" name=\"_wpcf7_unit_tag\" value=\"wpcf7-f34-o1\" \/><input type=\"hidden\" name=\"_wpcf7_container_post\" value=\"0\" \/><input type=\"hidden\" name=\"_wpcf7_posted_data_hash\" value=\"\" \/>\n<\/fieldset>\n<div class=\"form-flat\">\n\t<p><span class=\"wpcf7-form-control-wrap\" data-name=\"your-email\"><input size=\"40\" maxlength=\"400\" class=\"wpcf7-form-control wpcf7-email wpcf7-validates-as-required wpcf7-text wpcf7-validates-as-email\" aria-required=\"true\" aria-invalid=\"false\" placeholder=\"Email (Obligatoire)\" value=\"\" type=\"email\" name=\"your-email\" \/><\/span>\n\t<\/p>\n\t<p><input class=\"wpcf7-form-control wpcf7-submit has-spinner button\" type=\"submit\" value=\"Enregistrer\" \/>\n\t<\/p>\n<\/div><div class=\"wpcf7-response-output\" aria-hidden=\"true\"><\/div>\n<\/form>\n<\/div>\n\n\n\n\t\t<\/div>\n\t\t\t\t\t<\/div>\n\n\t\n\n<\/div>\n\n\t\t<\/div>\n\n\t\t\n<style>\n#section_2126400888 {\n  padding-top: 0px;\n  padding-bottom: 0px;\n}\n<\/style>\n\t<\/section>\n\t\n<div class=\"is-divider divider clearfix\" style=\"margin-top:0px;margin-bottom:0px;max-width:100%;height:1px;\"><\/div>\n\n\n\t<section class=\"section\" id=\"section_1680182650\">\n\t\t<div class=\"section-bg fill\" >\n\t\t\t\t\t\t\t\t\t\n\t\t\t\n\n\t\t<\/div>\n\n\t\t\n\n\t\t<div class=\"section-content relative\">\n\t\t\t\n\n\n\t\t<\/div>\n\n\t\t\n<style>\n#section_1680182650 {\n  padding-top: 0px;\n  padding-bottom: 0px;\n}\n<\/style>\n\t<\/section>\n\t\n\n","protected":false},"excerpt":{"rendered":"","protected":false},"author":2,"featured_media":0,"parent":0,"menu_order":0,"comment_status":"closed","ping_status":"closed","template":"","meta":{"_themeisle_gutenberg_block_has_review":false,"footnotes":""},"class_list":["post-302","page","type-page","status-publish","hentry"],"_links":{"self":[{"href":"https:\/\/neur-elite.com\/fr\/wp-json\/wp\/v2\/pages\/302","targetHints":{"allow":["GET"]}}],"collection":[{"href":"https:\/\/neur-elite.com\/fr\/wp-json\/wp\/v2\/pages"}],"about":[{"href":"https:\/\/neur-elite.com\/fr\/wp-json\/wp\/v2\/types\/page"}],"author":[{"embeddable":true,"href":"https:\/\/neur-elite.com\/fr\/wp-json\/wp\/v2\/users\/2"}],"replies":[{"embeddable":true,"href":"https:\/\/neur-elite.com\/fr\/wp-json\/wp\/v2\/comments?post=302"}],"version-history":[{"count":60,"href":"https:\/\/neur-elite.com\/fr\/wp-json\/wp\/v2\/pages\/302\/revisions"}],"predecessor-version":[{"id":577,"href":"https:\/\/neur-elite.com\/fr\/wp-json\/wp\/v2\/pages\/302\/revisions\/577"}],"wp:attachment":[{"href":"https:\/\/neur-elite.com\/fr\/wp-json\/wp\/v2\/media?parent=302"}],"curies":[{"name":"wp","href":"https:\/\/api.w.org\/{rel}","templated":true}]}}